{"id":236,"date":"2020-11-03T20:49:59","date_gmt":"2020-11-03T18:49:59","guid":{"rendered":"https:\/\/opisto.fi\/tilaa\/?page_id=236"},"modified":"2026-04-23T13:03:25","modified_gmt":"2026-04-23T10:03:25","slug":"toimitusehdot-rekisteriselosteet-evasteet","status":"publish","type":"page","link":"https:\/\/opisto.fi\/tilaa\/toimitusehdot-rekisteriselosteet-evasteet\/","title":{"rendered":"Toimitusehdot-Rekisteriselosteet-Ev\u00e4steet"},"content":{"rendered":"<p>Autokoulu Liikenneopisto verkkokauppa \/ TH-Koulutus Oy Y-tunnus 3598754-6 | Etel\u00e4puisto 13 28100 Pori | Puh. 040 6327066 | liikenne@opisto.fi<\/p>\n<h2><strong>Autokoulu Liikenneopisto verkkokauppa<\/strong><\/h2>\n<p><strong>Toimitusehdot:<\/strong> N\u00e4m\u00e4 toimitusehdot ovat voimassa 1.8.2020 alkaen.<br \/>\nYleist\u00e4 verkkokaupasta: Verkkokaupan tuotteita myy Autokoulu Liikenneopisto Y-tunnus 0217505-8.<\/p>\n<p>Myymme tuotteita t\u00e4ysi-ik\u00e4isille yksityishenkil\u00f6ille ja yrityksille Suomeen ja EU-alueelle. Tuotteiden hinnoissa on mukana arvonlis\u00e4vero. Hintoihin lis\u00e4t\u00e4\u00e4n postikulut. Pid\u00e4t\u00e4mme oikeuden hintojen ja postikulujen muutoksiin.<\/p>\n<p><strong>Tilaaminen:<\/strong> Tuotteet tilataan internetin v\u00e4lityksell\u00e4, osoitteen www.opisto.fi\/tilaa ostoskorin kautta. Asiakas sitoutuu jokaisen tilauksen yhteydess\u00e4 voimassa oleviin toimitusehtoihin.<\/p>\n<p><strong>Tilausvahvistus:<\/strong> L\u00e4het\u00e4mme s\u00e4hk\u00f6postitse tilausvahvistuksen. Sivuillamme olevan k\u00e4ytt\u00e4j\u00e4tilin kautta voit tarkastaa tilauksen sis\u00e4ll\u00f6n.<\/p>\n<p><strong>Maksutavat:<\/strong> Tuotteet ja niiden postikulut maksetaan tilauksen yhteydess\u00e4. Verkkokaupassa voidaan maksaa seuraavilla maksutavoilla: Nordea, Osuuspankki, Danske Bank, L\u00e4hiTapiola, Aktia, Nooa, Paikallisosuuspankit, S\u00e4\u00e4st\u00f6pankit, Handelsbanken, S-Pankki, \u00c5landsbanken sek\u00e4 maksukortit. Maksaminen tapahtuu Checkout Finland Oy:n sivuston kautta. Maksutapana on my\u00f6s tilisiirto ennakkomaksuna.<\/p>\n<p><strong>Maksupalvelutarjoaja:<\/strong> Maksunv\u00e4lityspalvelun toteuttajana ja maksupalveluntarjoajana toimii Checkout Finland Oy yhteisty\u00f6ss\u00e4 suomalaisten pankkien ja luottolaitosten kanssa. Checkout Finland Oy n\u00e4kyy maksun saajana tiliotteella tai korttilaskulla ja v\u00e4litt\u00e4\u00e4 maksun kauppiaalle. Checkout Finland Oy:ll\u00e4 on maksulaitoksen toimilupa. Reklamaatiotapauksissa pyyd\u00e4mme ottamaan ensisijaisesti yhteytt\u00e4 tuotteen toimittajaan. Checkout Finland Oy, ly-tunnus 2196606-6, www.checkout.fi asiakaspalvelu@checkout.fi p. 0800 552010 (ark. 9-17)Varastokatu 3 A, 33100 Tampere<\/p>\n<p><strong>Verkkopankit:<\/strong> Verkkopankkimaksamiseen liittyv\u00e4n maksunv\u00e4lityspalvelun toteuttaa Checkout Finland Oy ly-tunnus 2196606-6, yhteisty\u00f6ss\u00e4 suomalaisten pankkien ja luottolaitosten kanssa. K\u00e4ytt\u00e4j\u00e4n kannalta palvelu toimii aivan kuten perinteinen verkkomaksaminenkin.<\/p>\n<p><strong>Ennakkomaksu:<\/strong> Postitamme tuotteet kun maksusuoritus n\u00e4kyy tilill\u00e4mme. Emme toimita tuotteita postiennakolla. Maksusuoritukset osoitetaan tilille<span style=\"color: #000000;\"> IBAN: FI2857008110003600 BIC: OKOYFIHH<\/span>\u00a0Autokoulu Liikenneopisto, tilausvahvistuksen tietojen mukaisesti. K\u00e4sittelemme tilauksen kaupan aukioloaikaan kun maksu on suoritettu.<\/p>\n<p><strong>Toimitusaika:<\/strong> Postitamme tarviketuotteita jokaisena arkip\u00e4iv\u00e4n\u00e4. Pankkiyhteyksist\u00e4 riippuen siihen kuluu 1-3 arkip\u00e4iv\u00e4\u00e4 laskun maksamisesta. Koulutustuotteista ja muista ei postitettavista tuotteista, saat voucherin spostiin, jonka esitt\u00e4m\u00e4ll\u00e4 ko.autokoulussa, saat sovittua siihen liittyv\u00e4n koulutuksen yms.<\/p>\n<p><strong>Toimitustapa ja toimituskulut:<\/strong> Toimituskulut sis\u00e4lt\u00e4v\u00e4t posti- ja pakkauskulut. Voit katsoa toimituskulut valittuasi ostoskorin maksu- ja toimitustavan. Toimitamme tilaukset pakettina ja maksikirjeen\u00e4. Lis\u00e4tietoja Postin pakettivaihtoehdoista maksuista ja kuljetustavoista saat osoitteesta http:\/\/www.posti.fi\/<\/p>\n<p><strong>Vaihto- ja palautusehdot: <\/strong>Kaikki palautukset pit\u00e4\u00e4 l\u00e4hett\u00e4\u00e4\/hoitaa myyj\u00e4n ilmoittamalla l\u00e4hetystavalla. Asiakkaalla on Suomen kuluttajansuojalain mukainen 14 p\u00e4iv\u00e4n vaihto- ja palautusoikeus. Palautusoikeus koskee vain alkuper\u00e4ispakkauksessa olevia k\u00e4ytt\u00e4m\u00e4tt\u00f6mi\u00e4 ja myyntikelpoisia tuotteita.<br \/>\nLiit\u00e4 palautuksen mukaan seuraavat tiedot:<br \/>\n&#8211; Asiakasnumerosi, nimesi, osoitteesi ja puhelinnumerosi<br \/>\n&#8211; Maksunpalautus tehd\u00e4\u00e4n aina tilauksessa k\u00e4ytetylle maksutavalle<br \/>\n&#8211; Autokoulu Liikenneopiston tilausvahvistuksen p\u00e4iv\u00e4m\u00e4\u00e4r\u00e4<\/p>\n<p><strong>Palautusosoite tarviketuotteille:<\/strong> Autokoulu Liikenneopisto, Etel\u00e4puisto 13, 28100 Pori. Emme vastaanota palautuksia yli 14 vrk kuluttua toimituksesta. Kun palautus on hyv\u00e4ksytty, maksunpalautus tehd\u00e4\u00e4n aina tilauksessa k\u00e4ytetylle maksutavalle palautuksen vastaanoton ja k\u00e4sittelyn j\u00e4lkeen. Jos palautatte tilauksenne, palautamme teille kaikki teilt\u00e4 kyseisest\u00e4 tuotteesta\/tuotteista saamamme suoritukset, lukuunottamatta \u200bedullisimman toimitustapamme ylitt\u00e4v\u00e4\u00e4 summaa 7,90\u20ac, viivytyksett\u00e4 ja joka tapauksessa viimeist\u00e4\u00e4n 14 p\u00e4iv\u00e4n kuluttua peruuttamisilmoituksen saatuamme. Teille ei aiheudu suoritusten palauttamisesta kustannuksia. Voimme pid\u00e4tty\u00e4 maksujen palautuksesta, kunnes olemme saaneet tavaran takaisin tai kunnes olette osoittanut l\u00e4hett\u00e4neenne tavaran takaisin. S\u00e4hk\u00f6isill\u00e4 tuotteilla ei ole toimituskuluja.<\/p>\n<p><strong>Ongelmatilanteet kuljetuksessa sek\u00e4 viallisten tuotteiden osalta:<\/strong> Mik\u00e4li tuote on kadonnut kuljetuksen aikana, vioittunut tai asiakkaalle on toimitettu v\u00e4\u00e4r\u00e4 tuote, tulee asiakkaan ilmoittaa virheest\u00e4 v\u00e4litt\u00f6m\u00e4sti osoitteeseen verkkokauppa@opisto.fi tai postitse: Autokoulu Liikenneopisto, Etel\u00e4puisto 13, 28100 Pori. Ilmoitus virheellisest\u00e4 toimituksesta tai viallisesta tuotteesta on teht\u00e4v\u00e4 14 p\u00e4iv\u00e4n sis\u00e4ll\u00e4 tuotteen vastaanottamisesta. Jos paketti on vioittunut postissa, on tuotteesta teht\u00e4v\u00e4 v\u00e4litt\u00f6m\u00e4sti reklamaatio postiin. Palautustapauksissa maksunpalautus tehd\u00e4\u00e4n tilauksessa k\u00e4ytetylle maksutavalle. Palautamme rahat viipym\u00e4tt\u00e4, kun olemme vastaanottaneet palautetun l\u00e4hetyksen ja k\u00e4sitelleet palautuksen. Maksutavasta riippuen rahojen palautuminen voi kest\u00e4\u00e4, jopa 14 p\u00e4iv\u00e4\u00e4 myyj\u00e4st\u00e4 riippumattaomista syist\u00e4.<\/p>\n<p><strong>Muuta:<\/strong> Pid\u00e4t\u00e4mme oikeuden muuttaa toimitusehtojamme. Asiakkaan on ennen tilaustaan tutustuttava kulloinkin voimassa oleviin toimitusehtoihin. Autokoulu Liikenneopisto k\u00e4sittelee kaikki asiakastiedot t\u00e4ysin luottamuksellisesti sek\u00e4 sitoutuu olemaan luovuttamatta asiakastietoja kolmannelle osapuolelle. Toimitetuilla verkkovalmennuksilla\/lisenssiavaimilla\/harjoittelutunnuksilla\/s\u00e4hk\u00f6isill\u00e4 materiaaleilla\/palveluilla ei ole peruutusoikeutta, jos se on otettu k\u00e4ytt\u00f6\u00f6n tai kirjauduttu kyseiseen palveluun. Kaupan purkamisesta pit\u00e4\u00e4 ilmoittaa myyj\u00e4lle kaikissa tapauksissa, joko s\u00e4hk\u00f6postilla liikenne@opisto.fi tai puhelimitse ark. 11.00-17.00 040 632 7066. Kaupan purkamisesta veloitamme toimitusmaksua 7,90\u20ac. Toimitusmaksut v\u00e4hennet\u00e4\u00e4n asiakkaan maksamasta kauppasummasta.\u00a0 Porissa 1.8.2020, Autokoulu Liikenneopisto.<\/p>\n<p><strong>Lasku-, luotto- ja osamaksupalvelut:<\/strong><\/p>\n<p><strong>OP Osta laskulla<\/strong><br \/>\nOsta laskulla on OP:n tarjoama luotettava ja turvallinen maksutapa verkossa ostamiseen. Saat laskun postitse kotiisi ja v\u00e4hint\u00e4\u00e4n 30 p\u00e4iv\u00e4\u00e4 maksuaikaa. Maksaa voit kerralla tai joustavasti eriss\u00e4. V\u00e4himm\u00e4iser\u00e4 on 50 euroa.<\/p>\n<p>Yli 20-vuotiaille Suomessa asuville, joilla on suomalainen henkil\u00f6tunnus<br \/>\n50\u20135000 \u20ac ostoksille<br \/>\nEnsimm\u00e4iselle maksuer\u00e4lle korotonta maksuaikaa 30 p\u00e4iv\u00e4\u00e4<br \/>\nTunnistautuminen suomalaisen pankin verkkopankkitunnuksilla<br \/>\nLuotonantaja tarkistaa luotto- ja osoitetiedot<br \/>\nLaskutuslis\u00e4 ostajalle 2 \u20ac\/kk<br \/>\nOsta laskulla -rahoituksen vuosikorko on kiinte\u00e4 14,95 %<br \/>\nLuotonantaja on OP Yrityspankki Oyj.<br \/>\nKuluttajien kysymyksiin vastaa rahoituksen asiakaspalvelu: kuluttajarahoitus@op.fi<\/p>\n<p>Esimerkiksi: Rahoitus on kertaluotto, jonka todellinen vuosikorko 500 euron luotolle on 16,11 %, kun luoton korko on kiinte\u00e4 14,95%, laskutuspalkkio 0 euroa\/kk. Arvioitu luoton kokonaiskustannus on 537,60 euroa. Laskelma on tehty olettaen, ett\u00e4 luotto on nostettu kokonaan, luoton korko sek\u00e4 maksut ja palkkiot pysyv\u00e4t samana koko luottoajan ja luotto maksetaan takaisin 50,00 euron minimilyhennyksin (2,1 % luoton m\u00e4\u00e4r\u00e4st\u00e4) kuukauden v\u00e4lein, jolloin luottoaika on 11 kk. Luoton my\u00f6nt\u00e4\u00e4 OP Yrityspankki Oyj, Gebhardinaukio 1, 00510 Helsinki<\/p>\n<p>&nbsp;<\/p>\n<p><strong>Jousto lasku ja osamaksu<\/strong><br \/>\nJousto lasku ja osamaksu on kotimainen palvelu, jolla teet ostoksesi nopeasti ja turvallisesti. Jousto on tarkoitettu yksityishenkil\u00f6ille, jotka ovat hoitaneet raha-asiansa moitteettomasti.<br \/>\nJoustolla saat 30 vuorokautta korotonta maksuaikaa. Ostokseen lis\u00e4t\u00e4\u00e4n 2,90\u20ac:n laskutuslis\u00e4. Laskun saatuasi voit p\u00e4\u00e4tt\u00e4\u00e4 maksatko sen kokonaan vai osissa. Osamaksulla voit maksaa ostoksesi jopa 36:ssa er\u00e4ss\u00e4, alkaen 9,90\u20ac\/kk. Jousto osamaksun kustannukset ovat 3,90\u20ac\/kk ja 19,90%:n luottokorko. Voit maksaa Joustolla 30\u20133000 euron ostoksia.<br \/>\nJoustolla ostaminen on turvallista. Ensimm\u00e4isen ostoksen yhteydess\u00e4 teet vahvan s\u00e4hk\u00f6isen tunnistautumisen. Palaavana asiakkaana voit tunnistautua helposti puhelimeen l\u00e4hetett\u00e4v\u00e4n kertak\u00e4ytt\u00f6isen koodin avulla. Jokaisen ostoksen yhteydess\u00e4 teemme reaaliaikaisen ja automatisoidun luottop\u00e4\u00e4t\u00f6ksen. Maksutapahtuma ja tietojen v\u00e4litys tapahtuu aina suojatussa yhteydess\u00e4. Lasku toimitetaan s\u00e4hk\u00f6postitse. Luotonmy\u00f6nt\u00e4j\u00e4n\u00e4 toimii Aurajoki Nordic Oy.<br \/>\nLue lis\u00e4\u00e4 Joustosta osoitteessa www.jousto.com. Jousto \u2013verkkokaupan mukavin maksutapa!<\/p>\n<p>Esimerkiksi 1000 euron ostokselle, joka maksetaan 12 samansuuruisessa 92,59 euron kuukausier\u00e4ss\u00e4, todellinen vuosikorko on 21,82 %, ja luoton kokonaiskustannus on 1111,04\u20ac. Luottokustannuksiin ei lueta luoton hoitamiseen k\u00e4ytett\u00e4v\u00e4st\u00e4 tilist\u00e4 veloitettavaa 3,90\u20ac:n kuukausimaksua.<\/p>\n<hr \/>\n<hr \/>\n<p><strong>1. Rekisterinpit\u00e4j\u00e4<\/strong><br \/>\nAutokoulu Liikenneopisto \/ TH-Koulutus Oy , Etel\u00e4puisto 13, 28100 Pori<br \/>\nPuh. 040 632 7066 | verkkokauppa@opisto.fi<br \/>\nY-tunnus 3598754-6<\/p>\n<p><strong>2. Vastaavan yhteystiedot<\/strong><br \/>\ns\u00e4hk\u00f6posti: verkkokauppa@opisto.fi<br \/>\npuhelin: 040 6327066 (toimisto)<\/p>\n<p><strong>3. Rekisterin nimi<\/strong><br \/>\nAutokoulu Liikenneopisto verkkokaupparekisteri<\/p>\n<p><strong>4. Henkil\u00f6tietojen k\u00e4sittelyn tarkoitus<\/strong><br \/>\nTietoja k\u00e4ytet\u00e4\u00e4n asiakas- ja palvelusuhteissa.<\/p>\n<p><strong>5. Rekisterin tietosis\u00e4lt\u00f6<\/strong><br \/>\nNimi, Osoite, syntym\u00e4aika, puhelin ja s\u00e4hk\u00f6posti sek\u00e4 tiedot asiakkaan tilaamista palveluista, niiden toimittamisesta ja laskuttamisesta<\/p>\n<p><strong>6. S\u00e4\u00e4nn\u00f6nmukaiset tietol\u00e4hteet<\/strong><br \/>\nTiedot saadaan asiakkaalta itselt\u00e4\u00e4n tai h\u00e4nen edustajaltaan.<\/p>\n<p><strong>7. Tietojen s\u00e4\u00e4nn\u00f6nmukaiset luovutukset<\/strong><br \/>\nHenkil\u00f6tietoja ei luovuteta eteenp\u00e4in muuta kuin viranomaisk\u00e4ytt\u00f6\u00f6n.<\/p>\n<p><strong>8. Tietojen siirto EU:n tai ETA:n ulkopuolelle<\/strong><br \/>\nHenkil\u00f6tietoja ei luovuteta eteenp\u00e4in.<\/p>\n<p><strong>9. Rekisterin suojauksen periaatteet<\/strong><br \/>\nA. Manuaalinen aineisto<br \/>\nManuaalista rekisteriaineistoa s\u00e4ilytet\u00e4\u00e4n lukitussa tilassa.<br \/>\nB. ATK:lla k\u00e4sitelt\u00e4v\u00e4t tiedot<br \/>\nATK:lla k\u00e4sitelt\u00e4v\u00e4t tiedot on suojattu organisaation ulkopuolisilta salasanojen avulla sek\u00e4 niiden k\u00e4ytt\u00f6oikeudet on rajattu organisaation sis\u00e4ll\u00e4 k\u00e4yttoikeusrajauksin ja salasanoin.<\/p>\n<hr \/>\n<p><strong>Ev\u00e4steet \u2013 T\u00e4m\u00e4 sivusto k\u00e4ytt\u00e4\u00e4 ev\u00e4steit\u00e4<\/strong><br \/>\nSivuston k\u00e4ytt\u00f6\u00e4 seurataan, jotta palvelua voidaan parantaa. Seurannassa k\u00e4ytet\u00e4\u00e4n ev\u00e4steit\u00e4 (cookies). Ev\u00e4steiden k\u00e4ytt\u00f6 ei tallenna mit\u00e4\u00e4n tietoa, jonka perusteella k\u00e4ytt\u00e4j\u00e4t voitaisiin yksil\u00f6id\u00e4 tai tunnistaa. Ev\u00e4ste ei vaikuta tietoturvaan, eik\u00e4 se voi levitt\u00e4\u00e4 viruksia tai haittaohjelmia. Vierailemalla sivustolla hyv\u00e4ksyt ev\u00e4steiden k\u00e4yt\u00f6n. Verkkokauppa tarvitsee toimiakseen kunnolla ev\u00e4steit\u00e4. Voit v\u00e4ltt\u00e4\u00e4 ev\u00e4steet muokkaamalla selainohjelmasi asetuksia ja kielt\u00e4m\u00e4ll\u00e4 niiden k\u00e4yt\u00f6n. Lis\u00e4tietoja ev\u00e4steist\u00e4 Viestint\u00e4viraston verkkosivuilta https:\/\/www.viestintavirasto.fi.<\/p>\n<p><strong>Tekij\u00e4noikeudet<\/strong><br \/>\nOikeudet sivustossa julkaistavaan aineistoon ovat tekij\u00e4noikeuslain ja siihen my\u00f6hemmin tehtyjen muutosten mukaisesti Autokoulu Liikenneopistolla. Kaikki oikeudet pid\u00e4tet\u00e4\u00e4n. Autokoulu Liikenneopisto ei vastaa sivuston sis\u00e4ll\u00f6n mahdollisten virheiden aiheuttamista vahingoista. Autokoulu Liikenneopisto ei my\u00f6sk\u00e4\u00e4n ole vastuussa sellaisesta haitasta, joka johtuu teknisist\u00e4 h\u00e4iri\u00f6ist\u00e4 tai sivustoon linkitetyst\u00e4 materiaalista, joka on ulkopuolisten osapuolten julkaisemaa.<\/p>\n<p>&nbsp;<\/p>\n","protected":false},"excerpt":{"rendered":"<p>Autokoulu Liikenneopisto verkkokauppa \/ TH-Koulutus Oy Y-tunnus 3598754-6 | Etel\u00e4puisto 13 28100 Pori | Puh. 040 6327066 | liikenne@opisto.fi Autokoulu Liikenneopisto verkkokauppa Toimitusehdot: N\u00e4m\u00e4 toimitusehdot ovat voimassa 1.8.2020 alkaen. Yleist\u00e4 verkkokaupasta: Verkkokaupan tuotteita myy Autokoulu Liikenneopisto Y-tunnus 0217505-8. Myymme tuotteita t\u00e4ysi-ik\u00e4isille yksityishenkil\u00f6ille ja yrityksille Suomeen ja EU-alueelle. Tuotteiden hinnoissa on mukana arvonlis\u00e4vero. Hintoihin lis\u00e4t\u00e4\u00e4n postikulut. &hellip;<\/p>\n<p class=\"read-more\"> <a class=\" thunk-readmore button \" href=\"https:\/\/opisto.fi\/tilaa\/toimitusehdot-rekisteriselosteet-evasteet\/\"> <span class=\"screen-reader-text\">Toimitusehdot-Rekisteriselosteet-Ev\u00e4steet<\/span>Read More<\/a><\/p>\n","protected":false},"author":1,"featured_media":0,"parent":0,"menu_order":0,"comment_status":"closed","ping_status":"closed","template":"","meta":{"_vp_format_video_url":"","_vp_image_focal_point":[]},"_links":{"self":[{"href":"https:\/\/opisto.fi\/tilaa\/wp-json\/wp\/v2\/pages\/236"}],"collection":[{"href":"https:\/\/opisto.fi\/tilaa\/wp-json\/wp\/v2\/pages"}],"about":[{"href":"https:\/\/opisto.fi\/tilaa\/wp-json\/wp\/v2\/types\/page"}],"author":[{"embeddable":true,"href":"https:\/\/opisto.fi\/tilaa\/wp-json\/wp\/v2\/users\/1"}],"replies":[{"embeddable":true,"href":"https:\/\/opisto.fi\/tilaa\/wp-json\/wp\/v2\/comments?post=236"}],"version-history":[{"count":17,"href":"https:\/\/opisto.fi\/tilaa\/wp-json\/wp\/v2\/pages\/236\/revisions"}],"predecessor-version":[{"id":1558,"href":"https:\/\/opisto.fi\/tilaa\/wp-json\/wp\/v2\/pages\/236\/revisions\/1558"}],"wp:attachment":[{"href":"https:\/\/opisto.fi\/tilaa\/wp-json\/wp\/v2\/media?parent=236"}],"curies":[{"name":"wp","href":"https:\/\/api.w.org\/{rel}","templated":true}]}}