{"id":1179,"date":"2025-01-09T18:34:40","date_gmt":"2025-01-09T16:34:40","guid":{"rendered":"https:\/\/opisto.fi\/tilaa\/?post_type=product&#038;p=1179"},"modified":"2025-12-01T11:54:31","modified_gmt":"2025-12-01T09:54:31","slug":"riskikurssi-3","status":"publish","type":"product","link":"https:\/\/opisto.fi\/tilaa\/tuote\/riskikurssi-3\/","title":{"rendered":"Riskikurssi 3 &#8211; koulun autolla"},"content":{"rendered":"","protected":false},"excerpt":{"rendered":"<p><strong>Sis\u00e4lt\u00e4\u00e4:<\/strong><\/p>\n<p>4h riskiteoriaa<br \/>\n1h liukasajo simulaattorilla<br \/>\n1h maantieajo simulaattorilla<br \/>\n1h pime\u00e4ll\u00e4 ajo simulaattorilla<br \/>\n1h taajamassa ajo (oikealla autolla)<br \/>\n2h ajoa oikealla autolla inssi\u00e4 varten<br \/>\n+ autokoulun auton k\u00e4ytt\u00f6 1. tutkinnossa.<\/p>\n<p>Riskikurssi pit\u00e4\u00e4 k\u00e4yd\u00e4 ennen ajokoettasi ja ajokokeessasi tarvitset riskitodistuksen k\u00e4ydyst\u00e4 kurssista. Kun kurssi k\u00e4yty, sovi autokoulun kanssa noudosta\/toimituksesta! Kurssi on mahdollista my\u00f6s ajaa automaattiautolla, kysy lis\u00e4\u00e4!<\/p>\n","protected":false},"featured_media":1316,"template":"","meta":{"_vp_format_video_url":"","_vp_image_focal_point":[]},"product_cat":[35],"product_tag":[],"_links":{"self":[{"href":"https:\/\/opisto.fi\/tilaa\/wp-json\/wp\/v2\/product\/1179"}],"collection":[{"href":"https:\/\/opisto.fi\/tilaa\/wp-json\/wp\/v2\/product"}],"about":[{"href":"https:\/\/opisto.fi\/tilaa\/wp-json\/wp\/v2\/types\/product"}],"wp:featuredmedia":[{"embeddable":true,"href":"https:\/\/opisto.fi\/tilaa\/wp-json\/wp\/v2\/media\/1316"}],"wp:attachment":[{"href":"https:\/\/opisto.fi\/tilaa\/wp-json\/wp\/v2\/media?parent=1179"}],"wp:term":[{"taxonomy":"product_cat","embeddable":true,"href":"https:\/\/opisto.fi\/tilaa\/wp-json\/wp\/v2\/product_cat?post=1179"},{"taxonomy":"product_tag","embeddable":true,"href":"https:\/\/opisto.fi\/tilaa\/wp-json\/wp\/v2\/product_tag?post=1179"}],"curies":[{"name":"wp","href":"https:\/\/api.w.org\/{rel}","templated":true}]}}