{"id":1253,"date":"2025-03-19T13:33:02","date_gmt":"2025-03-19T11:33:02","guid":{"rendered":"https:\/\/opisto.fi\/tilaa\/?post_type=product&#038;p=1253"},"modified":"2025-12-01T12:04:36","modified_gmt":"2025-12-01T10:04:36","slug":"mopoauton-kaytto-tutkinnossa","status":"publish","type":"product","link":"https:\/\/opisto.fi\/tilaa\/tuote\/mopoauton-kaytto-tutkinnossa\/","title":{"rendered":"Mopoauton k\u00e4ytt\u00f6 tutkinnossa"},"content":{"rendered":"","protected":false},"excerpt":{"rendered":"<p>Autokoulun mopoauton k\u00e4ytt\u00f6 tutkinnossa.<\/p>\n","protected":false},"featured_media":17,"template":"","meta":{"_vp_format_video_url":"","_vp_image_focal_point":[]},"product_cat":[33],"product_tag":[],"_links":{"self":[{"href":"https:\/\/opisto.fi\/tilaa\/wp-json\/wp\/v2\/product\/1253"}],"collection":[{"href":"https:\/\/opisto.fi\/tilaa\/wp-json\/wp\/v2\/product"}],"about":[{"href":"https:\/\/opisto.fi\/tilaa\/wp-json\/wp\/v2\/types\/product"}],"wp:featuredmedia":[{"embeddable":true,"href":"https:\/\/opisto.fi\/tilaa\/wp-json\/wp\/v2\/media\/17"}],"wp:attachment":[{"href":"https:\/\/opisto.fi\/tilaa\/wp-json\/wp\/v2\/media?parent=1253"}],"wp:term":[{"taxonomy":"product_cat","embeddable":true,"href":"https:\/\/opisto.fi\/tilaa\/wp-json\/wp\/v2\/product_cat?post=1253"},{"taxonomy":"product_tag","embeddable":true,"href":"https:\/\/opisto.fi\/tilaa\/wp-json\/wp\/v2\/product_tag?post=1253"}],"curies":[{"name":"wp","href":"https:\/\/api.w.org\/{rel}","templated":true}]}}