{"id":127,"date":"2020-08-26T19:40:57","date_gmt":"2020-08-26T16:40:57","guid":{"rendered":"https:\/\/opisto.fi\/tilaa\/?post_type=product&#038;p=127"},"modified":"2026-02-18T09:45:18","modified_gmt":"2026-02-18T07:45:18","slug":"mopoauto-4-1","status":"publish","type":"product","link":"https:\/\/opisto.fi\/tilaa\/tuote\/mopoauto-4-1\/","title":{"rendered":"Mopoautokurssi 1h ajoa"},"content":{"rendered":"","protected":false},"excerpt":{"rendered":"<p><strong>Sis\u00e4lt\u00e4\u00e4:<\/strong><br \/>\n4 h EAS-teoriaa<br \/>\n1 h ajoa mopoautolla (tai oma m\u00f6nkij\u00e4)<br \/>\n<strong>Lis\u00e4tiedot:<\/strong><br \/>\n+159\u20ac viranomaismaksut<\/p>\n","protected":false},"featured_media":317,"template":"","meta":{"_vp_format_video_url":"","_vp_image_focal_point":[]},"product_cat":[23],"product_tag":[],"_links":{"self":[{"href":"https:\/\/opisto.fi\/tilaa\/wp-json\/wp\/v2\/product\/127"}],"collection":[{"href":"https:\/\/opisto.fi\/tilaa\/wp-json\/wp\/v2\/product"}],"about":[{"href":"https:\/\/opisto.fi\/tilaa\/wp-json\/wp\/v2\/types\/product"}],"wp:featuredmedia":[{"embeddable":true,"href":"https:\/\/opisto.fi\/tilaa\/wp-json\/wp\/v2\/media\/317"}],"wp:attachment":[{"href":"https:\/\/opisto.fi\/tilaa\/wp-json\/wp\/v2\/media?parent=127"}],"wp:term":[{"taxonomy":"product_cat","embeddable":true,"href":"https:\/\/opisto.fi\/tilaa\/wp-json\/wp\/v2\/product_cat?post=127"},{"taxonomy":"product_tag","embeddable":true,"href":"https:\/\/opisto.fi\/tilaa\/wp-json\/wp\/v2\/product_tag?post=127"}],"curies":[{"name":"wp","href":"https:\/\/api.w.org\/{rel}","templated":true}]}}