{"id":129,"date":"2020-08-26T20:02:28","date_gmt":"2020-08-26T17:02:28","guid":{"rendered":"https:\/\/opisto.fi\/tilaa\/?post_type=product&#038;p=129"},"modified":"2026-04-15T13:57:59","modified_gmt":"2026-04-15T10:57:59","slug":"mopoauto-4-3","status":"publish","type":"product","link":"https:\/\/opisto.fi\/tilaa\/tuote\/mopoauto-4-3\/","title":{"rendered":"Mopoautokurssi 3h ajoa"},"content":{"rendered":"","protected":false},"excerpt":{"rendered":"<p><strong>Sis\u00e4lt\u00e4\u00e4:<\/strong><br \/>\n4h EAS-teoriaa<br \/>\n3 h ajoa<br \/>\nmopoauton k\u00e4yt\u00f6n 1. tutkinnossa<\/p>\n<p><strong>Lis\u00e4tiedot:<\/strong><br \/>\n+159\u20ac viranomaismaksut, yhteens\u00e4 493\u20ac<\/p>\n","protected":false},"featured_media":339,"template":"","meta":{"_vp_format_video_url":"","_vp_image_focal_point":[]},"product_cat":[23],"product_tag":[],"_links":{"self":[{"href":"https:\/\/opisto.fi\/tilaa\/wp-json\/wp\/v2\/product\/129"}],"collection":[{"href":"https:\/\/opisto.fi\/tilaa\/wp-json\/wp\/v2\/product"}],"about":[{"href":"https:\/\/opisto.fi\/tilaa\/wp-json\/wp\/v2\/types\/product"}],"wp:featuredmedia":[{"embeddable":true,"href":"https:\/\/opisto.fi\/tilaa\/wp-json\/wp\/v2\/media\/339"}],"wp:attachment":[{"href":"https:\/\/opisto.fi\/tilaa\/wp-json\/wp\/v2\/media?parent=129"}],"wp:term":[{"taxonomy":"product_cat","embeddable":true,"href":"https:\/\/opisto.fi\/tilaa\/wp-json\/wp\/v2\/product_cat?post=129"},{"taxonomy":"product_tag","embeddable":true,"href":"https:\/\/opisto.fi\/tilaa\/wp-json\/wp\/v2\/product_tag?post=129"}],"curies":[{"name":"wp","href":"https:\/\/api.w.org\/{rel}","templated":true}]}}