{"id":130,"date":"2020-08-26T20:09:29","date_gmt":"2020-08-26T17:09:29","guid":{"rendered":"https:\/\/opisto.fi\/tilaa\/?post_type=product&#038;p=130"},"modified":"2026-04-15T13:58:27","modified_gmt":"2026-04-15T10:58:27","slug":"mopoauto-4-5","status":"publish","type":"product","link":"https:\/\/opisto.fi\/tilaa\/tuote\/mopoauto-4-5\/","title":{"rendered":"Mopoautokurssi 5 ajoa"},"content":{"rendered":"","protected":false},"excerpt":{"rendered":"<p><strong>Sis\u00e4lt\u00e4\u00e4:<\/strong><br \/>\n4h EAS-teoriaa<br \/>\n5 h ajoa<br \/>\nmopoauton k\u00e4yt\u00f6n 1. tutkinnossa<br \/>\nToimistopalvelut ma \u2013 pe klo 12 &#8211; 17<\/p>\n<p><strong>Lis\u00e4tiedot:<\/strong><br \/>\n+159\u20ac viranomaismaksut<\/p>\n","protected":false},"featured_media":338,"template":"","meta":{"_vp_format_video_url":"","_vp_image_focal_point":[]},"product_cat":[23],"product_tag":[],"_links":{"self":[{"href":"https:\/\/opisto.fi\/tilaa\/wp-json\/wp\/v2\/product\/130"}],"collection":[{"href":"https:\/\/opisto.fi\/tilaa\/wp-json\/wp\/v2\/product"}],"about":[{"href":"https:\/\/opisto.fi\/tilaa\/wp-json\/wp\/v2\/types\/product"}],"wp:featuredmedia":[{"embeddable":true,"href":"https:\/\/opisto.fi\/tilaa\/wp-json\/wp\/v2\/media\/338"}],"wp:attachment":[{"href":"https:\/\/opisto.fi\/tilaa\/wp-json\/wp\/v2\/media?parent=130"}],"wp:term":[{"taxonomy":"product_cat","embeddable":true,"href":"https:\/\/opisto.fi\/tilaa\/wp-json\/wp\/v2\/product_cat?post=130"},{"taxonomy":"product_tag","embeddable":true,"href":"https:\/\/opisto.fi\/tilaa\/wp-json\/wp\/v2\/product_tag?post=130"}],"curies":[{"name":"wp","href":"https:\/\/api.w.org\/{rel}","templated":true}]}}