{"id":187,"date":"2020-08-27T00:16:09","date_gmt":"2020-08-26T21:16:09","guid":{"rendered":"https:\/\/opisto.fi\/tilaa\/?post_type=product&#038;p=187"},"modified":"2025-06-17T12:04:49","modified_gmt":"2025-06-17T09:04:49","slug":"sahkoiset-harjoittelutunnukset","status":"publish","type":"product","link":"https:\/\/opisto.fi\/tilaa\/tuote\/sahkoiset-harjoittelutunnukset\/","title":{"rendered":"eAutokoulun teoriakoeharjoitusohjelma"},"content":{"rendered":"<p>Teoriakoeharjoitusohjelma sis\u00e4lt\u00e4\u00e4 valitsemaasi korttiluokkaan harjoituskoeohjelman teoriakoetta varten<\/p>\n","protected":false},"excerpt":{"rendered":"<p>eAutokoulun k\u00e4ytt\u00e4j\u00e4tili on asiakkaan henkil\u00f6kohtainen. Tunnuksen jakaminen usean oppilaan kesken on sopimusehtojen vastaista. V\u00e4\u00e4rink\u00e4yt\u00f6ksist\u00e4 johtuen suljemme tilit, jotka todenn\u00e4k\u00f6isesti ovat useamman henkil\u00f6n k\u00e4yt\u00f6ss\u00e4.<\/p>\n<p>Voit valita haluamaasi korttiluokkaan harjoitusohjelman k\u00e4ytt\u00f6\u00f6si.<\/p>\n<p>AM120-Mopo<br \/>\nAM121-Mopoauto<br \/>\nA-Moottoripy\u00f6r\u00e4<br \/>\nB-Henkil\u00f6auto<br \/>\nBE-Ajoneuvoyhdistelm\u00e4<br \/>\nC1-Kevyt kuoma-auto<br \/>\nC1E-Ajoneuvoyhdistelm\u00e4<br \/>\nC-Kuorma-auto<br \/>\nT-Traktori<\/p>\n","protected":false},"featured_media":645,"template":"","meta":{"_vp_format_video_url":"","_vp_image_focal_point":[]},"product_cat":[16,23,18,19,30,34],"product_tag":[],"_links":{"self":[{"href":"https:\/\/opisto.fi\/tilaa\/wp-json\/wp\/v2\/product\/187"}],"collection":[{"href":"https:\/\/opisto.fi\/tilaa\/wp-json\/wp\/v2\/product"}],"about":[{"href":"https:\/\/opisto.fi\/tilaa\/wp-json\/wp\/v2\/types\/product"}],"wp:featuredmedia":[{"embeddable":true,"href":"https:\/\/opisto.fi\/tilaa\/wp-json\/wp\/v2\/media\/645"}],"wp:attachment":[{"href":"https:\/\/opisto.fi\/tilaa\/wp-json\/wp\/v2\/media?parent=187"}],"wp:term":[{"taxonomy":"product_cat","embeddable":true,"href":"https:\/\/opisto.fi\/tilaa\/wp-json\/wp\/v2\/product_cat?post=187"},{"taxonomy":"product_tag","embeddable":true,"href":"https:\/\/opisto.fi\/tilaa\/wp-json\/wp\/v2\/product_tag?post=187"}],"curies":[{"name":"wp","href":"https:\/\/api.w.org\/{rel}","templated":true}]}}