{"id":27,"date":"2020-08-25T01:13:50","date_gmt":"2020-08-24T22:13:50","guid":{"rendered":"https:\/\/opisto.fi\/tilaa\/?post_type=product&#038;p=27"},"modified":"2026-04-15T14:05:34","modified_gmt":"2026-04-15T11:05:34","slug":"henkiloauto-b-virtuaali-viranomaismaksut","status":"publish","type":"product","link":"https:\/\/opisto.fi\/tilaa\/tuote\/henkiloauto-b-virtuaali-viranomaismaksut\/","title":{"rendered":"Henkil\u00f6autokurssi SIMU\/MINI"},"content":{"rendered":"","protected":false},"excerpt":{"rendered":"<p><strong>Sis\u00e4lt\u00e4\u00e4:<\/strong><br \/>\n4h EAS-teoriaa (pakollinen vain, jos ei aikaisempaa ajokorttia)<br \/>\n4h riskiteoriaa (pakollinen)<br \/>\n6h ajoa oikealla autolla<br \/>\n8h ajoa simulaattorilla<br \/>\nauton k\u00e4yt\u00f6n 1. tutkinnossa<br \/>\nKurssi sis\u00e4lt\u00e4\u00e4 riskikoulutuksen<br \/>\nKurssi suoritetaan kokonaisuudessaan Porissa.<br \/>\nToimistopalvelut ma \u2013 pe klo 12 &#8211; 17<\/p>\n<p><strong>Lis\u00e4tiedot:<\/strong><br \/>\n+184\u20ac viranomaismaksut<\/p>\n","protected":false},"featured_media":1318,"template":"","meta":{"_vp_format_video_url":"","_vp_image_focal_point":[]},"product_cat":[16],"product_tag":[],"_links":{"self":[{"href":"https:\/\/opisto.fi\/tilaa\/wp-json\/wp\/v2\/product\/27"}],"collection":[{"href":"https:\/\/opisto.fi\/tilaa\/wp-json\/wp\/v2\/product"}],"about":[{"href":"https:\/\/opisto.fi\/tilaa\/wp-json\/wp\/v2\/types\/product"}],"wp:featuredmedia":[{"embeddable":true,"href":"https:\/\/opisto.fi\/tilaa\/wp-json\/wp\/v2\/media\/1318"}],"wp:attachment":[{"href":"https:\/\/opisto.fi\/tilaa\/wp-json\/wp\/v2\/media?parent=27"}],"wp:term":[{"taxonomy":"product_cat","embeddable":true,"href":"https:\/\/opisto.fi\/tilaa\/wp-json\/wp\/v2\/product_cat?post=27"},{"taxonomy":"product_tag","embeddable":true,"href":"https:\/\/opisto.fi\/tilaa\/wp-json\/wp\/v2\/product_tag?post=27"}],"curies":[{"name":"wp","href":"https:\/\/api.w.org\/{rel}","templated":true}]}}