{"id":30,"date":"2020-08-25T02:27:51","date_gmt":"2020-08-24T23:27:51","guid":{"rendered":"https:\/\/opisto.fi\/tilaa\/?post_type=product&#038;p=30"},"modified":"2026-04-17T11:17:56","modified_gmt":"2026-04-17T08:17:56","slug":"henkiloauto-b10","status":"publish","type":"product","link":"https:\/\/opisto.fi\/tilaa\/tuote\/henkiloauto-b10\/","title":{"rendered":"Henkil\u00f6autokurssi STANDARD"},"content":{"rendered":"","protected":false},"excerpt":{"rendered":"<p><strong>Sis\u00e4lt\u00e4\u00e4:<\/strong><br \/>\n4h EAS-teoriaa (pakollinen vain, jos ei aikaisempaa ajokorttia)<br \/>\n4h riskiteoriaa (pakollinen)<br \/>\n12h ajoa oikealla autolla<br \/>\n2h simulaattorilla<br \/>\nauton k\u00e4ytt\u00f6 1. tutkinnossa<br \/>\nKurssi sis\u00e4lt\u00e4\u00e4 riskikoulutuksen<br \/>\nToimistopalvelut ma \u2013 pe klo 12 &#8211; 17<br \/>\n<strong>Lis\u00e4tiedot:<\/strong><br \/>\n+184\u20ac viranomaismaksut<\/p>\n","protected":false},"featured_media":211,"template":"","meta":{"_vp_format_video_url":"","_vp_image_focal_point":[]},"product_cat":[16],"product_tag":[],"_links":{"self":[{"href":"https:\/\/opisto.fi\/tilaa\/wp-json\/wp\/v2\/product\/30"}],"collection":[{"href":"https:\/\/opisto.fi\/tilaa\/wp-json\/wp\/v2\/product"}],"about":[{"href":"https:\/\/opisto.fi\/tilaa\/wp-json\/wp\/v2\/types\/product"}],"wp:featuredmedia":[{"embeddable":true,"href":"https:\/\/opisto.fi\/tilaa\/wp-json\/wp\/v2\/media\/211"}],"wp:attachment":[{"href":"https:\/\/opisto.fi\/tilaa\/wp-json\/wp\/v2\/media?parent=30"}],"wp:term":[{"taxonomy":"product_cat","embeddable":true,"href":"https:\/\/opisto.fi\/tilaa\/wp-json\/wp\/v2\/product_cat?post=30"},{"taxonomy":"product_tag","embeddable":true,"href":"https:\/\/opisto.fi\/tilaa\/wp-json\/wp\/v2\/product_tag?post=30"}],"curies":[{"name":"wp","href":"https:\/\/api.w.org\/{rel}","templated":true}]}}