{"id":366,"date":"2020-11-13T13:06:46","date_gmt":"2020-11-13T11:06:46","guid":{"rendered":"https:\/\/opisto.fi\/tilaa\/?post_type=product&#038;p=366"},"modified":"2025-12-01T11:53:39","modified_gmt":"2025-12-01T09:53:39","slug":"riskikurssi-1","status":"publish","type":"product","link":"https:\/\/opisto.fi\/tilaa\/tuote\/riskikurssi-1\/","title":{"rendered":"Riskikurssi 1"},"content":{"rendered":"","protected":false},"excerpt":{"rendered":"<p><strong>Sis\u00e4lt\u00e4\u00e4:<\/strong><br \/>\n4h riskiteoriaa<br \/>\n1h liukkaan kelin rataharjoitukset simulaattorilla<br \/>\n1h maantieajoa simulaattorilla,<br \/>\n1h pime\u00e4ll\u00e4 ajoa simulaattorilla<br \/>\n1h taajama-ajoa oikealla autolla<br \/>\nToimistopalvelut ma &#8211; pe klo 12 &#8211; 17<br \/>\nT\u00e4m\u00e4 kurssi suoritetaan kokonaisuudessaan Porissa.<\/p>\n<p>Riskikurssi pit\u00e4\u00e4 k\u00e4yd\u00e4 ennen ajokoettasi ja<br \/>\najokokeessasi tarvitset riskitodistuksen k\u00e4ydyst\u00e4 kurssista.<br \/>\nKun kurssi k\u00e4yty, sovi autokoulun kanssa noudosta\/toimituksesta!<br \/>\nKurssi on mahdollista my\u00f6s ajaa automaattiautolla, kysy lis\u00e4\u00e4!<\/p>\n","protected":false},"featured_media":1317,"template":"","meta":{"_vp_format_video_url":"","_vp_image_focal_point":[]},"product_cat":[35],"product_tag":[],"_links":{"self":[{"href":"https:\/\/opisto.fi\/tilaa\/wp-json\/wp\/v2\/product\/366"}],"collection":[{"href":"https:\/\/opisto.fi\/tilaa\/wp-json\/wp\/v2\/product"}],"about":[{"href":"https:\/\/opisto.fi\/tilaa\/wp-json\/wp\/v2\/types\/product"}],"wp:featuredmedia":[{"embeddable":true,"href":"https:\/\/opisto.fi\/tilaa\/wp-json\/wp\/v2\/media\/1317"}],"wp:attachment":[{"href":"https:\/\/opisto.fi\/tilaa\/wp-json\/wp\/v2\/media?parent=366"}],"wp:term":[{"taxonomy":"product_cat","embeddable":true,"href":"https:\/\/opisto.fi\/tilaa\/wp-json\/wp\/v2\/product_cat?post=366"},{"taxonomy":"product_tag","embeddable":true,"href":"https:\/\/opisto.fi\/tilaa\/wp-json\/wp\/v2\/product_tag?post=366"}],"curies":[{"name":"wp","href":"https:\/\/api.w.org\/{rel}","templated":true}]}}