{"id":559,"date":"2020-12-11T14:30:10","date_gmt":"2020-12-11T12:30:10","guid":{"rendered":"https:\/\/opisto.fi\/tilaa\/?post_type=product&#038;p=559"},"modified":"2020-12-11T14:46:50","modified_gmt":"2020-12-11T12:46:50","slug":"lahjakortti-50-e","status":"publish","type":"product","link":"https:\/\/opisto.fi\/tilaa\/tuote\/lahjakortti-50-e\/","title":{"rendered":"LAHJAKORTTI 50 \u20ac"},"content":{"rendered":"","protected":false},"excerpt":{"rendered":"<p>MEILT\u00c4 LAHJAKORTIT K\u00c4TEV\u00c4STI KAIKKIIN KORTTILUOKKIIN!<\/p>\n","protected":false},"featured_media":555,"template":"","meta":{"_vp_format_video_url":"","_vp_image_focal_point":[]},"product_cat":[37],"product_tag":[],"_links":{"self":[{"href":"https:\/\/opisto.fi\/tilaa\/wp-json\/wp\/v2\/product\/559"}],"collection":[{"href":"https:\/\/opisto.fi\/tilaa\/wp-json\/wp\/v2\/product"}],"about":[{"href":"https:\/\/opisto.fi\/tilaa\/wp-json\/wp\/v2\/types\/product"}],"wp:featuredmedia":[{"embeddable":true,"href":"https:\/\/opisto.fi\/tilaa\/wp-json\/wp\/v2\/media\/555"}],"wp:attachment":[{"href":"https:\/\/opisto.fi\/tilaa\/wp-json\/wp\/v2\/media?parent=559"}],"wp:term":[{"taxonomy":"product_cat","embeddable":true,"href":"https:\/\/opisto.fi\/tilaa\/wp-json\/wp\/v2\/product_cat?post=559"},{"taxonomy":"product_tag","embeddable":true,"href":"https:\/\/opisto.fi\/tilaa\/wp-json\/wp\/v2\/product_tag?post=559"}],"curies":[{"name":"wp","href":"https:\/\/api.w.org\/{rel}","templated":true}]}}