{"id":565,"date":"2020-12-11T14:39:05","date_gmt":"2020-12-11T12:39:05","guid":{"rendered":"https:\/\/opisto.fi\/tilaa\/?post_type=product&#038;p=565"},"modified":"2020-12-11T15:03:02","modified_gmt":"2020-12-11T13:03:02","slug":"lahjakortti-100-e","status":"publish","type":"product","link":"https:\/\/opisto.fi\/tilaa\/tuote\/lahjakortti-100-e\/","title":{"rendered":"LAHJAKORTTI 100 \u20ac"},"content":{"rendered":"","protected":false},"excerpt":{"rendered":"<p>MEILT\u00c4 LAHJAKORTIT K\u00c4TEV\u00c4STI KAIKKIIN KORTTILUOKKIIN!<br \/>\nLahjakortti voimassa 1 vuoden.<\/p>\n","protected":false},"featured_media":555,"template":"","meta":{"_vp_format_video_url":"","_vp_image_focal_point":[]},"product_cat":[37],"product_tag":[],"_links":{"self":[{"href":"https:\/\/opisto.fi\/tilaa\/wp-json\/wp\/v2\/product\/565"}],"collection":[{"href":"https:\/\/opisto.fi\/tilaa\/wp-json\/wp\/v2\/product"}],"about":[{"href":"https:\/\/opisto.fi\/tilaa\/wp-json\/wp\/v2\/types\/product"}],"wp:featuredmedia":[{"embeddable":true,"href":"https:\/\/opisto.fi\/tilaa\/wp-json\/wp\/v2\/media\/555"}],"wp:attachment":[{"href":"https:\/\/opisto.fi\/tilaa\/wp-json\/wp\/v2\/media?parent=565"}],"wp:term":[{"taxonomy":"product_cat","embeddable":true,"href":"https:\/\/opisto.fi\/tilaa\/wp-json\/wp\/v2\/product_cat?post=565"},{"taxonomy":"product_tag","embeddable":true,"href":"https:\/\/opisto.fi\/tilaa\/wp-json\/wp\/v2\/product_tag?post=565"}],"curies":[{"name":"wp","href":"https:\/\/api.w.org\/{rel}","templated":true}]}}